{"id":106,"date":"2026-02-18T09:50:19","date_gmt":"2026-02-18T09:50:19","guid":{"rendered":"https:\/\/biogeo.ubbcluj.ro\/institut_test\/?page_id=106"},"modified":"2026-02-18T09:50:19","modified_gmt":"2026-02-18T09:50:19","slug":"dr-angelica-feurdean","status":"publish","type":"page","link":"https:\/\/institutulracovita.ro\/?page_id=106","title":{"rendered":"Dr. Angelica Feurdean"},"content":{"rendered":"\n<div class=\"wp-block-columns is-layout-flex wp-container-core-columns-is-layout-28f84493 wp-block-columns-is-layout-flex\">\n<div class=\"wp-block-column is-layout-flow wp-block-column-is-layout-flow\" style=\"flex-basis:33.33%\">\n<figure class=\"wp-block-image size-full\"><img decoding=\"async\" src=\"https:\/\/institutulracovita.ro\/wp-content\/uploads\/2024\/11\/Angelica_Feurdean.png\" alt=\"\" class=\"wp-image-2267\"\/><\/figure>\n<\/div>\n\n\n\n<div class=\"wp-block-column is-layout-flow wp-block-column-is-layout-flow\" style=\"flex-basis:66.66%\">\n<p><strong>Dr Angelica Feurdean<\/strong><\/p>\n<p><strong>\u00a0<\/strong><\/p>\n<p>Scientific Researcher<\/p>\n<p>Department of Physical Geography,\u00a0<\/p>\n<p>Goethe-University<\/p>\n<p>Altenh\u00f6ferallee 1,60438<\/p>\n<p>Frankfurt am Main, Germany<\/p>\n<p>Email: <span data-olk-copy-source=\"MessageBody\"><span style=\"color: #3366ff;\"><a style=\"color: #3366ff;\" href=\"mailto:angelica.feurdean@gmail.com\">angelica.feurdean@gmail.com<\/a><\/span>\u00a0<\/span><\/p>\n<\/div>\n<\/div>\n\n\n<p><strong>EDUCATION<\/strong><\/p>\n<p><strong>PhD<\/strong> <strong>(2004)<\/strong>\u00a0\u00a0\u00a0\u00a0 Quaternary Geology, Stockholm University, Sweden<\/p>\n<p><strong>M.Sc. (1998)\u00a0\u00a0 <\/strong>Ecology, Babes Bolyai University, Cluj, Romania<\/p>\n<p><strong>B.Sc. (1997)<\/strong>\u00a0\u00a0 Biology, Babes Bolyai University, Cluj, Romania<\/p>\n<p><strong>\u00a0<\/strong><\/p>\n<p><strong>Direction of research<\/strong>: Towards Understanding Vegetation-Environment Interactions in a Warming World<\/p>\n<p><strong>\u00a0<\/strong><\/p>\n<p><strong>RESEARCH INTERESTS <\/strong><\/p>\n<p>Dr Feurdean is a palaeoecologist who examines how vegetation interacts with its environment across time and space. Her research encompasses diverse ecosystems, including temperate forests, cold environments (alpine, subalpine-alpine, arctic, and boreal), temperate grasslands, and wetlands across Europe, Siberia, and Alaska. Her work addresses terrestrial vegetation dynamics (composition, diversity, turnover, tipping points) in response to climate and disturbance regimes (fire, herbivory, antopogenic impact) and peatland development and its role in carbon storage. She employs various methods such as pollen and plant macrofossil, charcoal morphology, dung fungal spore, sediment geochemistry, stable isotope analyses, and modeling to explore these topics.<\/p>\n<p><strong>SELECTED PUBLICATIONS <\/strong><\/p>\n<p>Sayedi, S.S., Abbott, B.W., Vanni\u00e8re, B., Leys, B., Colombaroli, D., Romera, G.G., S\u0142owi\u0144ski, M., Aleman, J.C., Blarquez, O., <strong>Feurdean, A<\/strong>., Brown, K., et al., 2024. Assessing changes in global fire regimes. Fire ecology. 20, 1-22. <span style=\"color: #3366ff;\"><a style=\"color: #3366ff;\" href=\"https:\/\/doi.org\/10.1186\/s42408-023-00237-9\">https:\/\/doi.org\/10.1186\/s42408-023-00237-9<\/a>.<\/span><\/p>\n<p><strong>Feurdean A,<\/strong> Diaconu AC, Pfeiffer M, Ga\u0142ka M, Hutchinson SM, Butiseaca G, Gorina N, Tonkov S, Niamir A, Tantau I, Zhang H. 2022. Holocene wildfire regimes in western Siberia: interaction between peatland moisture conditions and the composition of plant functional types. Climate of the Past. 18, 1255\u20131274, https:\/\/doi.org\/10.5194\/cp-18-1255-2022.<\/p>\n<p>Swindles, G.T., Morris, P.J., Mullan, D.J., Payne, R.J., Roland, T.P., Amesbury, M.J., Lamentowicz, M., Turner, T.E., Gallego-Sala, A., Sim, T., Barr, I.D., Blaauw, M., Blundell, A., Chambers, F.M., Charman, D.J., <strong>Feurdean, A<\/strong>., Galloway, J.M., Ga\u0142ka, M., Green, S., Kajuka\u0142o, K., Karofeld, E., Korhola, A., Lamentowicz, L., Langdon, P., Marcisz, K., Mauquoy, D., Mazei, Y.A., McKeown, M., Mitchell, E.A.D., Novenko, E., Plunkett, G., Roe, H.M., Schoning, K., Sillasoo, \u00dc., Tsyganov, A.N., van der Linden, M., V\u00e4liranta, M., Warner, B. 2019. Widespread drying of European peatlands in recent centuries. Nature Geoscience. 10.1038\/s41561-019-0462-z<\/p>\n<p><strong>Feurdean, A.,<\/strong> Ruprecht E., Molnar, Zs., Hutchinson, S.M., Hickler, T. 2018. Biodiversity-rich European grasslands: ancient, forgotten ecosystems. Biological Conservation, 228, 224-232. <span style=\"color: #3366ff;\"><a style=\"color: #3366ff;\" href=\"https:\/\/doi.org\/10.1016\/j.biocon.2018.09.022\">https:\/\/doi.org\/10.1016\/j.biocon.2018.09.022<\/a><\/span><\/p>\n<p><strong>Feurdean, A.,<\/strong> Per\u015foiu, T., Stevens, S, et al., 2014. Climate variability and associated vegetation response throughout Central and Eastern Europe (CEE) between 60 and 8 ka. Quaternary Science Reviews, 106, 206-224. <span style=\"color: #3366ff;\"><a style=\"color: #3366ff;\" href=\"https:\/\/doi.org\/10.1016\/j.quascirev.2014.06.003\">https:\/\/doi.org\/10.1016\/j.quascirev.2014.06.003<\/a><\/span><\/p>\n<p>Full list of publication: <span style=\"color: #3366ff;\"><a style=\"color: #3366ff;\" href=\"https:\/\/scholar.google.com\/citations?user=JbQQ8PwAAAAJ&amp;hl=en\">https:\/\/scholar.google.com\/citations?user=JbQQ8PwAAAAJ&amp;hl=en<\/a><\/span><\/p>\n<p>Courses and seminars<\/p>\n<p>Biogeography of Global Changes (Biogeographie des Globalen Wandels).<\/p>","protected":false},"excerpt":{"rendered":"<p>Dr Angelica Feurdean \u00a0 Scientific Researcher Department of Physical Geography,\u00a0 Goethe-University Altenh\u00f6ferallee 1,60438 Frankfurt am Main, Germany Email: angelica.feurdean@gmail.com\u00a0 EDUCATION [&hellip;]<\/p>\n","protected":false},"author":1,"featured_media":0,"parent":0,"menu_order":0,"comment_status":"closed","ping_status":"closed","template":"","meta":{"site-sidebar-layout":"default","site-content-layout":"","ast-site-content-layout":"default","site-content-style":"default","site-sidebar-style":"default","ast-global-header-display":"","ast-banner-title-visibility":"","ast-main-header-display":"","ast-hfb-above-header-display":"","ast-hfb-below-header-display":"","ast-hfb-mobile-header-display":"","site-post-title":"","ast-breadcrumbs-content":"","ast-featured-img":"","footer-sml-layout":"","ast-disable-related-posts":"","theme-transparent-header-meta":"","adv-header-id-meta":"","stick-header-meta":"","header-above-stick-meta":"","header-main-stick-meta":"","header-below-stick-meta":"","astra-migrate-meta-layouts":"default","ast-page-background-enabled":"default","ast-page-background-meta":{"desktop":{"background-color":"var(--ast-global-color-5)","background-image":"","background-repeat":"repeat","background-position":"center center","background-size":"auto","background-attachment":"scroll","background-type":"","background-media":"","overlay-type":"","overlay-color":"","overlay-opacity":"","overlay-gradient":""},"tablet":{"background-color":"","background-image":"","background-repeat":"repeat","background-position":"center center","background-size":"auto","background-attachment":"scroll","background-type":"","background-media":"","overlay-type":"","overlay-color":"","overlay-opacity":"","overlay-gradient":""},"mobile":{"background-color":"","background-image":"","background-repeat":"repeat","background-position":"center center","background-size":"auto","background-attachment":"scroll","background-type":"","background-media":"","overlay-type":"","overlay-color":"","overlay-opacity":"","overlay-gradient":""}},"ast-content-background-meta":{"desktop":{"background-color":"var(--ast-global-color-4)","background-image":"","background-repeat":"repeat","background-position":"center center","background-size":"auto","background-attachment":"scroll","background-type":"","background-media":"","overlay-type":"","overlay-color":"","overlay-opacity":"","overlay-gradient":""},"tablet":{"background-color":"var(--ast-global-color-4)","background-image":"","background-repeat":"repeat","background-position":"center center","background-size":"auto","background-attachment":"scroll","background-type":"","background-media":"","overlay-type":"","overlay-color":"","overlay-opacity":"","overlay-gradient":""},"mobile":{"background-color":"var(--ast-global-color-4)","background-image":"","background-repeat":"repeat","background-position":"center center","background-size":"auto","background-attachment":"scroll","background-type":"","background-media":"","overlay-type":"","overlay-color":"","overlay-opacity":"","overlay-gradient":""}},"footnotes":""},"class_list":["post-106","page","type-page","status-publish","hentry"],"_links":{"self":[{"href":"https:\/\/institutulracovita.ro\/index.php?rest_route=\/wp\/v2\/pages\/106","targetHints":{"allow":["GET"]}}],"collection":[{"href":"https:\/\/institutulracovita.ro\/index.php?rest_route=\/wp\/v2\/pages"}],"about":[{"href":"https:\/\/institutulracovita.ro\/index.php?rest_route=\/wp\/v2\/types\/page"}],"author":[{"embeddable":true,"href":"https:\/\/institutulracovita.ro\/index.php?rest_route=\/wp\/v2\/users\/1"}],"replies":[{"embeddable":true,"href":"https:\/\/institutulracovita.ro\/index.php?rest_route=%2Fwp%2Fv2%2Fcomments&post=106"}],"version-history":[{"count":1,"href":"https:\/\/institutulracovita.ro\/index.php?rest_route=\/wp\/v2\/pages\/106\/revisions"}],"predecessor-version":[{"id":107,"href":"https:\/\/institutulracovita.ro\/index.php?rest_route=\/wp\/v2\/pages\/106\/revisions\/107"}],"wp:attachment":[{"href":"https:\/\/institutulracovita.ro\/index.php?rest_route=%2Fwp%2Fv2%2Fmedia&parent=106"}],"curies":[{"name":"wp","href":"https:\/\/api.w.org\/{rel}","templated":true}]}}