{"id":110,"date":"2026-02-18T09:51:16","date_gmt":"2026-02-18T09:51:16","guid":{"rendered":"https:\/\/biogeo.ubbcluj.ro\/institut_test\/?page_id=110"},"modified":"2026-02-18T09:51:16","modified_gmt":"2026-02-18T09:51:16","slug":"dr-bogdan-p-onac","status":"publish","type":"page","link":"https:\/\/institutulracovita.ro\/?page_id=110","title":{"rendered":"Dr. Bogdan P. Onac"},"content":{"rendered":"\n<div class=\"wp-block-columns is-layout-flex wp-container-core-columns-is-layout-28f84493 wp-block-columns-is-layout-flex\">\n<div class=\"wp-block-column is-layout-flow wp-block-column-is-layout-flow\" style=\"flex-basis:25%\">\n<figure class=\"wp-block-image alignleft size-full is-style-default\"><img decoding=\"async\" src=\"https:\/\/institutulracovita.ro\/wp-content\/uploads\/2023\/06\/Onac_Geoecology_2.jpg\" alt=\"\" class=\"wp-image-2003\"\/><\/figure>\n<\/div>\n\n\n\n<div class=\"wp-block-column is-layout-flow wp-block-column-is-layout-flow\" style=\"flex-basis:50%\">\n<p><strong>Bogdan P. Onac, PhD<br>Professor<\/strong><\/p>\n\n\n\n<p><br>4202 E. Fowler Ave., NES 107<br>Tampa, FL 33620, USA<br>Clinicilor 5-7, 400006 Cluj-Napoca, Romania<br>Karst geology, Isotope geochemistry, Paleoclimatology<br><a href=\"mailto:bonac@usf.edu\"><mark style=\"background-color:rgba(0, 0, 0, 0)\" class=\"has-inline-color has-vivid-cyan-blue-color\">bonac@usf.edu<\/mark><\/a> or <a href=\"mailto:bogdan.onac@ubbcluj.ro\"><mark style=\"background-color:rgba(0, 0, 0, 0)\" class=\"has-inline-color has-vivid-cyan-blue-color\">bogdan.onac@ubbcluj.ro<\/mark><\/a><br><br><\/p>\n<\/div>\n<\/div>\n\n\n\n<p><strong>Education:<\/strong><br>Postdoctoral: Lund University, 1999 (Host: Prof. B. Wohlfarth)<br>Postdoctoral (Fulbright): Pennsylvania State University, 1998-1999 (Host: Prof. W.B. White)<br>PhD: Babes-Bolyai University, Geology, 1996<br>B.S.: Babes-Bolyai University, Geology, 1987<\/p>\n\n\n\n<p><strong>Research:<\/strong><br>Bogdan Onac\u2019s research interests center on reconstructing climate and paleoenvironmental<br>changes using speleothems, ice, and guano from various cave and karst deposits, as well as<br>understanding hypogene cave systems. He employs mineralogy, stable and radiogenic isotope<br>geochemistry to answer his research questions. A particular aspect of his current and nearfuture<br>studies is to contribute data on past sea-level positions for both warmer and colder<br>periods of Earth\u2019s history using carbonate encrustations from littoral caves around the world.<\/p>\n\n\n\n<p><br><strong>Selected Publications:<\/strong> (underlined = student advised; *corresponding author)<\/p>\n\n\n\n<ol class=\"wp-block-list\">\n<li>Onac, B.P., Mitrovica, J.X., Gin\u00e9s, J., Asmerom, Y., Polyak, V.J., Tuccimei, P., Forn\u00f3s, J.J.,<br>Hoggard, M.J., Ashe, E.A., Coulson, S., Gin\u00e9s, A., Soligo, M., Villa, I.M. (2022) Exceptionally<br>stable pre-industrial sea level inferred from the western Mediterranean Sea. Science<br>Advances, 8, eabm6185 (cover article)<\/li>\n\n\n\n<li>Dumitru, O.A., Austermann, J., Polyak, V.J., Forn\u00f3s, J.J., Asmerom, Y., Gin\u00e9s, J., Gin\u00e9s, A.,<br>Onac, B.P.* (2019) Constraints on global mean sea level during Pliocene warmth. Nature, 574,<br>233-236.<\/li>\n\n\n\n<li>Polyak, V.J., Onac, B.P., Forn\u00f3s, J.J., Asmerom, Y., Hay, C., Dorale, J.A., Gin\u00e9s, J. Tuccimei,<br>P., Gin\u00e9s, A. (2018) A highly resolved record of relative sea-level in the western<br>Mediterranean Sea during the Last Interglacial period. Nature Geoscience, 11, 860-864<br>(cover article).<\/li>\n\n\n\n<li>Staubwasser, M., Dragusin, V., Onac, B.P., Assanov, S., Ersek, V., Hoffmann, D.L., Veres, D.<br>(2018) Climate change impact on the transition of Neanderthals to modern humans in<br>Europe. Proceedings of the National Academy of Sciences USA, 115 (37), 9116-9121.<\/li>\n\n\n\n<li>Dorale, J.A., Onac, B.P.*, Forn\u00f3s, J.J., Gin\u00e9s, J., Gin\u00e9s, A., Tuccimei, P., Peate, D.W. (2010)<br>Sea-level highstand 81,000 years ago in Mallorca. Science, 327, 860-863.<\/li>\n<\/ol>\n\n\n\n<p><\/p>\n\n\n<p><span style=\"color: #0000ff;\"><strong><a style=\"color: #0000ff;\" href=\"https:\/\/institutulracovita.ro\/wp-content\/uploads\/2023\/06\/Onac_pubs.pdf\">Full Publication List<\/a><\/strong><\/span><\/p>\n\n\n<p><strong>Teaching:<br>Undergraduate:<\/strong><\/p>\n\n\n\n<ol class=\"wp-block-list\">\n<li>Sedimentary Petrology (2005 \u2013 Present)<\/li>\n\n\n\n<li>Karst Geology (2009 \u2013 Present)<\/li>\n\n\n\n<li>Soil Geology (2001 \u2013 2004)<\/li>\n\n\n\n<li>Crystallography (1996 \u2013 2004)<\/li>\n<\/ol>\n\n\n\n<p><strong>Graduate:<\/strong><\/p>\n\n\n\n<ol class=\"wp-block-list\">\n<li>Geology of Karst Terrains (2006 \u2013 Present)<\/li>\n\n\n\n<li>Doctoral Dissertation (2015 \u2013 Present)<\/li>\n\n\n\n<li>Paleoclimatology (2007 \u2013 2015)<\/li>\n\n\n\n<li>Carbonate Environments (2007 \u2013 2010)<\/li>\n<\/ol>\n","protected":false},"excerpt":{"rendered":"<p>Bogdan P. Onac, PhDProfessor 4202 E. Fowler Ave., NES 107Tampa, FL 33620, USAClinicilor 5-7, 400006 Cluj-Napoca, RomaniaKarst geology, Isotope geochemistry, [&hellip;]<\/p>\n","protected":false},"author":1,"featured_media":0,"parent":0,"menu_order":0,"comment_status":"closed","ping_status":"closed","template":"","meta":{"site-sidebar-layout":"default","site-content-layout":"","ast-site-content-layout":"default","site-content-style":"default","site-sidebar-style":"default","ast-global-header-display":"","ast-banner-title-visibility":"","ast-main-header-display":"","ast-hfb-above-header-display":"","ast-hfb-below-header-display":"","ast-hfb-mobile-header-display":"","site-post-title":"","ast-breadcrumbs-content":"","ast-featured-img":"","footer-sml-layout":"","ast-disable-related-posts":"","theme-transparent-header-meta":"","adv-header-id-meta":"","stick-header-meta":"","header-above-stick-meta":"","header-main-stick-meta":"","header-below-stick-meta":"","astra-migrate-meta-layouts":"default","ast-page-background-enabled":"default","ast-page-background-meta":{"desktop":{"background-color":"var(--ast-global-color-5)","background-image":"","background-repeat":"repeat","background-position":"center center","background-size":"auto","background-attachment":"scroll","background-type":"","background-media":"","overlay-type":"","overlay-color":"","overlay-opacity":"","overlay-gradient":""},"tablet":{"background-color":"","background-image":"","background-repeat":"repeat","background-position":"center center","background-size":"auto","background-attachment":"scroll","background-type":"","background-media":"","overlay-type":"","overlay-color":"","overlay-opacity":"","overlay-gradient":""},"mobile":{"background-color":"","background-image":"","background-repeat":"repeat","background-position":"center center","background-size":"auto","background-attachment":"scroll","background-type":"","background-media":"","overlay-type":"","overlay-color":"","overlay-opacity":"","overlay-gradient":""}},"ast-content-background-meta":{"desktop":{"background-color":"var(--ast-global-color-4)","background-image":"","background-repeat":"repeat","background-position":"center center","background-size":"auto","background-attachment":"scroll","background-type":"","background-media":"","overlay-type":"","overlay-color":"","overlay-opacity":"","overlay-gradient":""},"tablet":{"background-color":"var(--ast-global-color-4)","background-image":"","background-repeat":"repeat","background-position":"center center","background-size":"auto","background-attachment":"scroll","background-type":"","background-media":"","overlay-type":"","overlay-color":"","overlay-opacity":"","overlay-gradient":""},"mobile":{"background-color":"var(--ast-global-color-4)","background-image":"","background-repeat":"repeat","background-position":"center center","background-size":"auto","background-attachment":"scroll","background-type":"","background-media":"","overlay-type":"","overlay-color":"","overlay-opacity":"","overlay-gradient":""}},"footnotes":""},"class_list":["post-110","page","type-page","status-publish","hentry"],"_links":{"self":[{"href":"https:\/\/institutulracovita.ro\/index.php?rest_route=\/wp\/v2\/pages\/110","targetHints":{"allow":["GET"]}}],"collection":[{"href":"https:\/\/institutulracovita.ro\/index.php?rest_route=\/wp\/v2\/pages"}],"about":[{"href":"https:\/\/institutulracovita.ro\/index.php?rest_route=\/wp\/v2\/types\/page"}],"author":[{"embeddable":true,"href":"https:\/\/institutulracovita.ro\/index.php?rest_route=\/wp\/v2\/users\/1"}],"replies":[{"embeddable":true,"href":"https:\/\/institutulracovita.ro\/index.php?rest_route=%2Fwp%2Fv2%2Fcomments&post=110"}],"version-history":[{"count":1,"href":"https:\/\/institutulracovita.ro\/index.php?rest_route=\/wp\/v2\/pages\/110\/revisions"}],"predecessor-version":[{"id":111,"href":"https:\/\/institutulracovita.ro\/index.php?rest_route=\/wp\/v2\/pages\/110\/revisions\/111"}],"wp:attachment":[{"href":"https:\/\/institutulracovita.ro\/index.php?rest_route=%2Fwp%2Fv2%2Fmedia&parent=110"}],"curies":[{"name":"wp","href":"https:\/\/api.w.org\/{rel}","templated":true}]}}