{"id":120,"date":"2026-02-18T09:53:03","date_gmt":"2026-02-18T09:53:03","guid":{"rendered":"https:\/\/biogeo.ubbcluj.ro\/institut_test\/?page_id=120"},"modified":"2026-02-18T09:53:03","modified_gmt":"2026-02-18T09:53:03","slug":"dr-doriana-buda","status":"publish","type":"page","link":"https:\/\/institutulracovita.ro\/?page_id=120","title":{"rendered":"Dr. Doriana Buda"},"content":{"rendered":"\n<div class=\"wp-block-columns is-layout-flex wp-container-core-columns-is-layout-28f84493 wp-block-columns-is-layout-flex\">\n<div class=\"wp-block-column is-layout-flow wp-block-column-is-layout-flow\" style=\"flex-basis:33.33%\">\n<figure class=\"wp-block-image size-full\"><img decoding=\"async\" src=\"https:\/\/institutulracovita.ro\/wp-content\/uploads\/2024\/11\/photo_DB.png\" alt=\"\" class=\"wp-image-2259\"\/><\/figure>\n<\/div>\n\n\n\n<div class=\"wp-block-column is-layout-flow wp-block-column-is-layout-flow\" style=\"flex-basis:66.66%\">\n<p><strong>Doriana- M<\/strong><strong>\u0103d\u0103lina Buda, PhD<\/strong><\/p>\n<p>5-7 Clinicilor Street, 400006 Cluj-Napoca<br \/>Tel: +40751.853.766<br \/>doriana.voica@ubbcluj.ro<\/p>\n<\/p>\n<\/div>\n<\/div>\n\n\n<p><strong>Education:<\/strong><\/p>\n<p>PhD: Faculty of Biology and Geology, Babe\u0219-Bolyai University, 2017-2023<br \/>MSc.: Faculty of Biology and Geology, Babe\u0219-Bolyai University, 2015-2017<br \/>B.S.: Faculty of Biology and Geology, Babe\u0219-Bolyai University, 2012-2015<\/p>\n<p><strong>Research:<\/strong><\/p>\n<p>I am a microbiologist with expertise in extremophiles, particularly halophilic archaea, and their adaptations to extreme environments. My research employs an interdisciplinary approach, integrating physiological assays, advanced microscopy, and high-throughput transcriptomics to investigate the response of these microorganisms to heavy metal stress. Focusing on the biosynthesis of metallic nanoparticles and gene expression modulation, my work seeks to uncover the molecular mechanisms underpinning metal tolerance and adaptation. This approach contributes to understanding microbial resilience and offers insights into biotechnological applications and environmental remediation strategies in saline ecosystems.<\/p>\n<p><strong>Selected Publications:<\/strong><\/p>\n<ol>\n<li><strong>Voica, D. M.,<\/strong> Bartha, L., Banciu, H. L., Oren, A. (2016). Heavy metal resistance in halophilic Bacteria and Archaea. FEMS Microbiol Lett, 363(14).<\/li>\n<li>\u015euteu, A.M., Momeu, L., Battes, K.P., Baricz, A., Cristea, A., Bulzu, P.A., <strong>Buda, D.M.,<\/strong> Banciu, H.L. and C\u00eempean, M., 2021. Diversity and distribution of phototrophic primary producers in saline lakes from Transylvania, Romania. Plant Systematics and Evolution, 307(1), p.12.<\/li>\n<li><strong>Buda, D. M.,<\/strong> Bulzu, P. A., Barbu-Tudoran, L., Porfire, A., P\u0103tra\u0219, L., Ses\u0103rman, A., &#8230; &amp; Banciu, H. L. (2019). Physiological response to silver toxicity in the extremely halophilic archaeon <em>Halomicrobium mukohataei<\/em>. FEMS Microbiology Letters, 366(18), fnz231.<\/li>\n<li>Baricz, A., Levei, E.A., \u0218enil\u0103, M., P\u00eenzaru, S.C., Alua\u015f, M., Vulpoi, A., Filip, C., Tripon, C., D\u0103d\u00e2rlat, D., <strong>Buda, D.M.<\/strong> and Dulf, F.V., 2021. Comprehensive mineralogical and physicochemical characterization of recent sapropels from Romanian saline lakes for potential use in pelotherapy. Scientific Reports, 11(1), p.18633.<\/li>\n<li><strong>Buda, D.M.,<\/strong> Szekeres, E., Tudoran, L.B., Esclapez, J., Banciu, H.L., 2023. Genome-wide transcriptional response to silver stress in extremely halophilic archaeon <em>Haloferax alexandrinus<\/em> DSM 27206<sup>T<\/sup>.\u00a0<em>BMC Microbiol<\/em>,\u00a0<em>23<\/em>(1), p.381.<\/li>\n<\/ol>","protected":false},"excerpt":{"rendered":"<p>Doriana- M\u0103d\u0103lina Buda, PhD 5-7 Clinicilor Street, 400006 Cluj-NapocaTel: +40751.853.766doriana.voica@ubbcluj.ro Education: PhD: Faculty of Biology and Geology, Babe\u0219-Bolyai University, 2017-2023MSc.: [&hellip;]<\/p>\n","protected":false},"author":1,"featured_media":0,"parent":0,"menu_order":0,"comment_status":"closed","ping_status":"closed","template":"","meta":{"site-sidebar-layout":"default","site-content-layout":"","ast-site-content-layout":"default","site-content-style":"default","site-sidebar-style":"default","ast-global-header-display":"","ast-banner-title-visibility":"","ast-main-header-display":"","ast-hfb-above-header-display":"","ast-hfb-below-header-display":"","ast-hfb-mobile-header-display":"","site-post-title":"","ast-breadcrumbs-content":"","ast-featured-img":"","footer-sml-layout":"","ast-disable-related-posts":"","theme-transparent-header-meta":"","adv-header-id-meta":"","stick-header-meta":"","header-above-stick-meta":"","header-main-stick-meta":"","header-below-stick-meta":"","astra-migrate-meta-layouts":"default","ast-page-background-enabled":"default","ast-page-background-meta":{"desktop":{"background-color":"var(--ast-global-color-5)","background-image":"","background-repeat":"repeat","background-position":"center center","background-size":"auto","background-attachment":"scroll","background-type":"","background-media":"","overlay-type":"","overlay-color":"","overlay-opacity":"","overlay-gradient":""},"tablet":{"background-color":"","background-image":"","background-repeat":"repeat","background-position":"center center","background-size":"auto","background-attachment":"scroll","background-type":"","background-media":"","overlay-type":"","overlay-color":"","overlay-opacity":"","overlay-gradient":""},"mobile":{"background-color":"","background-image":"","background-repeat":"repeat","background-position":"center center","background-size":"auto","background-attachment":"scroll","background-type":"","background-media":"","overlay-type":"","overlay-color":"","overlay-opacity":"","overlay-gradient":""}},"ast-content-background-meta":{"desktop":{"background-color":"var(--ast-global-color-4)","background-image":"","background-repeat":"repeat","background-position":"center center","background-size":"auto","background-attachment":"scroll","background-type":"","background-media":"","overlay-type":"","overlay-color":"","overlay-opacity":"","overlay-gradient":""},"tablet":{"background-color":"var(--ast-global-color-4)","background-image":"","background-repeat":"repeat","background-position":"center center","background-size":"auto","background-attachment":"scroll","background-type":"","background-media":"","overlay-type":"","overlay-color":"","overlay-opacity":"","overlay-gradient":""},"mobile":{"background-color":"var(--ast-global-color-4)","background-image":"","background-repeat":"repeat","background-position":"center center","background-size":"auto","background-attachment":"scroll","background-type":"","background-media":"","overlay-type":"","overlay-color":"","overlay-opacity":"","overlay-gradient":""}},"footnotes":""},"class_list":["post-120","page","type-page","status-publish","hentry"],"_links":{"self":[{"href":"https:\/\/institutulracovita.ro\/index.php?rest_route=\/wp\/v2\/pages\/120","targetHints":{"allow":["GET"]}}],"collection":[{"href":"https:\/\/institutulracovita.ro\/index.php?rest_route=\/wp\/v2\/pages"}],"about":[{"href":"https:\/\/institutulracovita.ro\/index.php?rest_route=\/wp\/v2\/types\/page"}],"author":[{"embeddable":true,"href":"https:\/\/institutulracovita.ro\/index.php?rest_route=\/wp\/v2\/users\/1"}],"replies":[{"embeddable":true,"href":"https:\/\/institutulracovita.ro\/index.php?rest_route=%2Fwp%2Fv2%2Fcomments&post=120"}],"version-history":[{"count":1,"href":"https:\/\/institutulracovita.ro\/index.php?rest_route=\/wp\/v2\/pages\/120\/revisions"}],"predecessor-version":[{"id":121,"href":"https:\/\/institutulracovita.ro\/index.php?rest_route=\/wp\/v2\/pages\/120\/revisions\/121"}],"wp:attachment":[{"href":"https:\/\/institutulracovita.ro\/index.php?rest_route=%2Fwp%2Fv2%2Fmedia&parent=120"}],"curies":[{"name":"wp","href":"https:\/\/api.w.org\/{rel}","templated":true}]}}