{"id":122,"date":"2026-02-18T09:53:22","date_gmt":"2026-02-18T09:53:22","guid":{"rendered":"https:\/\/biogeo.ubbcluj.ro\/institut_test\/?page_id=122"},"modified":"2026-02-18T09:53:22","modified_gmt":"2026-02-18T09:53:22","slug":"dr-ferenc-forray","status":"publish","type":"page","link":"https:\/\/institutulracovita.ro\/?page_id=122","title":{"rendered":"Dr. Ferenc Forray"},"content":{"rendered":"\n<div class=\"wp-block-columns is-layout-flex wp-container-core-columns-is-layout-28f84493 wp-block-columns-is-layout-flex\">\n<div class=\"wp-block-column is-layout-flow wp-block-column-is-layout-flow\" style=\"flex-basis:33.33%\">\n<figure class=\"wp-block-image size-full\"><img decoding=\"async\" src=\"https:\/\/institutulracovita.ro\/wp-content\/uploads\/2024\/11\/ForrayF.jpg\" alt=\"\" class=\"wp-image-2245\"\/><\/figure>\n<\/div>\n\n\n\n<div class=\"wp-block-column is-layout-flow wp-block-column-is-layout-flow\" style=\"flex-basis:66.66%\">\n<p><strong>Dr. Ferenc L. Forray<\/strong><\/p>\n<p>Associate Professor<\/p>\n<\/p>\n<p>Babes-Bolyai University,<\/p>\n<p>Department of Geology<\/p>\n<p>M.Kog\u0103lniceanu 1, 400081 Cluj-Napoca, Romania and<\/p>\n<p>Emil G. Racovi\u021b\u0103 Institute<\/p>\n<p>Clinicilor 5-7, 400006 Cluj-Napoca, Romania<\/p>\n<\/p>\n<p>Interest in: Geochemistry, Isotope geochemistry, Caves, Paleoclimatology, Pollution<\/p>\n<p>e-mail: ferenc.forray@ubbcluj.ro<\/p>\n<\/div>\n<\/div>\n\n\n<p><strong>Education:<\/strong><\/p>\n<p>Habilitation: Babes-Bolyai University, Geology (Geochemistry), 2016<\/p>\n<p>Postdoctoral: University of California, Davis, (Host: Prof. Alexandra Navrotsky) 2003-2006<\/p>\n<p>PhD: Babes-Bolyai University, Geology, 2002<\/p>\n<p>Research: IfU GmbH Privates Institut f\u00fcr Umweltanalysen, Germany (Prof. Wolfram Scharff) 1997<\/p>\n<p>Research: Stellenbosch University, South Africa (Prof. D.K. Hallbauer) 1996<\/p>\n<p>MsC: Babes-Bolyai University, Geology, 1995<\/p>\n<p>B.S.: Babes-Bolyai University, Geology and geophysical engineer, 1994<\/p>\n<p><strong>Research:<\/strong><\/p>\n<p>His research interests encompass a broad spectrum of geochemical and environmental topics, emphasizing a multidisciplinary approach to advancing the understanding of geochemical processes. A primary focus involves the detailed geochemical characterization of natural environments, including karst systems, mineral waters, and sedimentary formations. Through isotopic and trace-element analyses, he studies paleoenvironmental and climatic reconstructions, deriving critical insights from cave guano, speleothems, and soil profiles to interpret past environmental changes and anthropogenic influences. Additionally, his study of mineralogy, with particular attention to the thermochemistry of jarosites, focus on processes that shape the Earth\u2019s crust, with relevant implications for planetary science, such as reconstructing Mars&#8217; ancient climate. His current research of extreme environments, such as sulphur- and CO\u2082-rich caves, represents an integrative approach to understand the interactions between geochemical processes, microbial ecosystems, and environmental evolution.<\/p>\n<p><strong>Selected Publications:<\/strong><\/p>\n<p>Forray, F. L., Dumitru, O. A., Atlas, Z. D., and Onac, B. P., 2024, Past anthropogenic impacts revealed by trace elements in cave guano: Chemosphere, v. 360, p. 142447. doi: 10.1016\/j.chemosphere.2024.142447.<\/p>\n<p>Forray, F.L., Onac, B.P., Tan\u0163\u0103u, I., Wynn, J.G., T\u0103ma\u015f, T., Coroiu, I., Giurgiu, A., 2015. A Late Holocene environmental history of a bat guano deposit from Romania: an isotopic, pollen and microcharcoal study. Quaternary Science Reviews 127, 141-154 doi: 10.1016\/j.quascirev.2015.05.022.<\/p>\n<p>Onac, B.P., Hutchinson, S.M., Geant\u0103, A., Forray, F.L., Wynn, J.G., Giurgiu, A.M., Coroiu, I., 2015. A 2500-year Late Holocene multi-proxy record of vegetation and hydrologic changes from a cave guano-clay sequence in SW Romania. Quaternary Research 83, 437-448. doi: 10.1016\/j.yqres.2015.01.007.<\/p>\n<p>Forray, F.L., Smith, A.M.L., Drouet, C., Navrotsky, A., Wright, K., Hudson-Edwards, K.A. &amp; Dubbin, W.E. 2010, Synthesis, characterization and thermochemistry of a Pb-jarosite. Geochimica et Cosmochimica Acta, 74 (1): 215-224.<\/p>\n<p>Navrotsky, A., Forray, F.L. &amp; Drouet, C. 2005, Jarosite stability on Mars. Icarus,\u00a0 176 (1): 250-253.<\/p>\n<p><strong>Full Publication List<\/strong><\/p>\n<p><span style=\"color: #3366ff;\"><a style=\"color: #3366ff;\" href=\"https:\/\/scholar.google.ro\/citations?user=RsnPBRgAAAAJ&amp;hl=en\">https:\/\/scholar.google.ro\/citations?user=RsnPBRgAAAAJ&amp;hl=en<\/a><\/span><\/p>\n<p><strong>Teaching:<\/strong><\/p>\n<p>Geology (1997 \u2013 Present)<\/p>\n<p>Geochemistry (2002 \u2013 Present)<\/p>\n<p>Instrumental methods (1997 \u2013 Present)<\/p>\n<p>Applied Computer Science in Geology &#8211; QGIS (1997 \u2013 Present)<\/p>\n<p>Application of GIS in geology (2010 \u2013 Present)<\/p>","protected":false},"excerpt":{"rendered":"<p>Dr. Ferenc L. Forray Associate Professor Babes-Bolyai University, Department of Geology M.Kog\u0103lniceanu 1, 400081 Cluj-Napoca, Romania and Emil G. Racovi\u021b\u0103 [&hellip;]<\/p>\n","protected":false},"author":1,"featured_media":0,"parent":0,"menu_order":0,"comment_status":"closed","ping_status":"closed","template":"","meta":{"site-sidebar-layout":"default","site-content-layout":"","ast-site-content-layout":"default","site-content-style":"default","site-sidebar-style":"default","ast-global-header-display":"","ast-banner-title-visibility":"","ast-main-header-display":"","ast-hfb-above-header-display":"","ast-hfb-below-header-display":"","ast-hfb-mobile-header-display":"","site-post-title":"","ast-breadcrumbs-content":"","ast-featured-img":"","footer-sml-layout":"","ast-disable-related-posts":"","theme-transparent-header-meta":"","adv-header-id-meta":"","stick-header-meta":"","header-above-stick-meta":"","header-main-stick-meta":"","header-below-stick-meta":"","astra-migrate-meta-layouts":"default","ast-page-background-enabled":"default","ast-page-background-meta":{"desktop":{"background-color":"var(--ast-global-color-5)","background-image":"","background-repeat":"repeat","background-position":"center center","background-size":"auto","background-attachment":"scroll","background-type":"","background-media":"","overlay-type":"","overlay-color":"","overlay-opacity":"","overlay-gradient":""},"tablet":{"background-color":"","background-image":"","background-repeat":"repeat","background-position":"center center","background-size":"auto","background-attachment":"scroll","background-type":"","background-media":"","overlay-type":"","overlay-color":"","overlay-opacity":"","overlay-gradient":""},"mobile":{"background-color":"","background-image":"","background-repeat":"repeat","background-position":"center center","background-size":"auto","background-attachment":"scroll","background-type":"","background-media":"","overlay-type":"","overlay-color":"","overlay-opacity":"","overlay-gradient":""}},"ast-content-background-meta":{"desktop":{"background-color":"var(--ast-global-color-4)","background-image":"","background-repeat":"repeat","background-position":"center center","background-size":"auto","background-attachment":"scroll","background-type":"","background-media":"","overlay-type":"","overlay-color":"","overlay-opacity":"","overlay-gradient":""},"tablet":{"background-color":"var(--ast-global-color-4)","background-image":"","background-repeat":"repeat","background-position":"center center","background-size":"auto","background-attachment":"scroll","background-type":"","background-media":"","overlay-type":"","overlay-color":"","overlay-opacity":"","overlay-gradient":""},"mobile":{"background-color":"var(--ast-global-color-4)","background-image":"","background-repeat":"repeat","background-position":"center center","background-size":"auto","background-attachment":"scroll","background-type":"","background-media":"","overlay-type":"","overlay-color":"","overlay-opacity":"","overlay-gradient":""}},"footnotes":""},"class_list":["post-122","page","type-page","status-publish","hentry"],"_links":{"self":[{"href":"https:\/\/institutulracovita.ro\/index.php?rest_route=\/wp\/v2\/pages\/122","targetHints":{"allow":["GET"]}}],"collection":[{"href":"https:\/\/institutulracovita.ro\/index.php?rest_route=\/wp\/v2\/pages"}],"about":[{"href":"https:\/\/institutulracovita.ro\/index.php?rest_route=\/wp\/v2\/types\/page"}],"author":[{"embeddable":true,"href":"https:\/\/institutulracovita.ro\/index.php?rest_route=\/wp\/v2\/users\/1"}],"replies":[{"embeddable":true,"href":"https:\/\/institutulracovita.ro\/index.php?rest_route=%2Fwp%2Fv2%2Fcomments&post=122"}],"version-history":[{"count":1,"href":"https:\/\/institutulracovita.ro\/index.php?rest_route=\/wp\/v2\/pages\/122\/revisions"}],"predecessor-version":[{"id":123,"href":"https:\/\/institutulracovita.ro\/index.php?rest_route=\/wp\/v2\/pages\/122\/revisions\/123"}],"wp:attachment":[{"href":"https:\/\/institutulracovita.ro\/index.php?rest_route=%2Fwp%2Fv2%2Fmedia&parent=122"}],"curies":[{"name":"wp","href":"https:\/\/api.w.org\/{rel}","templated":true}]}}