{"id":128,"date":"2026-02-18T09:54:32","date_gmt":"2026-02-18T09:54:32","guid":{"rendered":"https:\/\/biogeo.ubbcluj.ro\/institut_test\/?page_id=128"},"modified":"2026-02-18T09:54:32","modified_gmt":"2026-02-18T09:54:32","slug":"dr-ioana-meleg","status":"publish","type":"page","link":"https:\/\/institutulracovita.ro\/?page_id=128","title":{"rendered":"Dr.\u00a0Ioana Meleg"},"content":{"rendered":"\n<div class=\"wp-block-columns is-layout-flex wp-container-core-columns-is-layout-28f84493 wp-block-columns-is-layout-flex\">\n<div class=\"wp-block-column is-layout-flow wp-block-column-is-layout-flow\" style=\"flex-basis:25%\">\n<figure class=\"wp-block-image size-full is-resized\"><img decoding=\"async\" src=\"https:\/\/institutulracovita.ro\/wp-content\/uploads\/2023\/06\/Meleg_Geoecology_2.jpg\" alt=\"\" class=\"wp-image-2010\" style=\"width:260px;height:310px\"\/><\/figure>\n<\/div>\n\n\n\n<div class=\"wp-block-column is-layout-flow wp-block-column-is-layout-flow\" style=\"flex-basis:75%\">\n<p><strong>Ioana-Nicoleta Meleg, PhD<br>Senior Researcher<\/strong><\/p>\n\n\n\n<p><br>Clinicilor 5-7, 400006 Cluj-Napoca, Romania<br>Evolutionary biology, Paleoecology, Ancient DNA<br>+40 741 044 561<br>ioana.meleg@ubbcluj.ro<\/p>\n<\/div>\n<\/div>\n\n\n\n<p><strong>Education:<\/strong><br>Postdoctoral: Swedish Museum of Natural History, Centre for Palaeogenetics (Marie Curi<br>Research Fellow), 2020 &#8211; 2022 (Host: Prof. Love Dal\u00e9n)<br>Postdoctoral: University of Potsdam &amp; University of T\u00fcbingen (Research Fellow of the<br>Alexander von Humboldt Foundation), 2016 \u2013 2018 (Hosts: Prof. Michael Hofreiter &amp; Prof.<br>Herv\u00e9 Bocherens)<br>PhD: Romanian Academy, Biology, 2013<br>M.S.: Babe\u0219-Bolyai University, Systemic Ecology and Biodiversity Conservation, 2007<br>B.S.: Babe\u0219-Bolyai University, Ecology and Environment Protection, 2006<\/p>\n\n\n\n<p><br><strong>Research:<\/strong><br>I am an evolutionary biologist and speleologist, with particular expertise in the ecology of<br>Romanian caves and karst systems, as well as ancient DNA and palaeogenomics. My current<br>research involves using an interdisciplinary approach to explore the response of Late<br>Pleistocene and Holocene populations to environmental heterogeneity in caves located along<br>the Carpathians (Romania). The approach combines ancient DNA research with<br>palaeoecological study using stable isotopes to address the question to what extent<br>ecological differences influence gene flow and structure among populations, and to decipher<br>palaeo-extinctions and ecosystem dynamics during the Late Pleistocene and Holocene.<\/p>\n\n\n\n<p><br><strong>Selected Publications:<\/strong><\/p>\n\n\n\n<ol class=\"wp-block-list\">\n<li>Rosengren, E., Acatrinei, A., Cruceru, N., Dehasque, M., Haliuc, A., Lord, E., Mircea, C.I.,<br>Rusu, I., M\u00e1rmol-S\u00e1nchez, E., Kelemen, B.S., Meleg, I.N. 2021. Ancient faunal history<br>revealed by interdisciplinary biomolecular approaches. Diversity, 13, 370, https:\/\/doi.org\/<br>10.3390\/d13080370<\/li>\n\n\n\n<li>Dussex, N., Bergfeldt, N., de Anca Prado, V., Dehasque, M., Diez-del-Molino, D., Ersmark, E.,<br>Kanellidou, F., Larsson, P., Leme\u017e, S., Lord, E., M\u00e1rmol-S\u00e1nchez, E., Meleg, I.N., M\u00e5sviken,<br>J., Naidoo, T., Studerus, J., Vicente, M., von Seth, J., G\u00f6therstr\u00f6m, A., Dal\u00e9n, L., Heintzman,<br>P.D. 2021. Integrating multi-taxon palaeogenomes and sedimentary ancient DNA to study<br>past ecosystem dynamics. Proceedings of Royal Society B, 288, 20211252, doi: 10.1098\/<br>rspb.2021.1252<\/li>\n\n\n\n<li>Naito, Y.I., Meleg, I.N., Robu, M., Vlaicu, M., Drucker, D.G., Wi\u00dfing, C., Hofreiter, M., Barlow,<br>A., Bocherens, H. 2020. Heavy reliance on plants for Romanian cave bears evidenced by<br>amino acid nitrogen isotope analysis. Scientific Reports, 10, 6612. https:\/\/doi.org\/10.1038\/<br>s41598-020-62990-0<\/li>\n<\/ol>\n\n\n\n<ol start=\"4\" class=\"wp-block-list\">\n<li>Meleg, I.N., Robu, M., Borda, D., Ghemi\u0219, C., M\u00e1ty\u00e1si, L., Lascu, V.T. 2019. Show caves of<br>Romania. In: Ponta, G.M.L., Onac, B.P. (eds), Caves and karst systems of Romania,<br>Springer International, Cham, pp. 519-535.<\/li>\n\n\n\n<li>Fortes, G.G, Grandal-d\u2019Anglade, A., Kolbe, B., Fernandes, D., Meleg, I.N., Garc\u00eda-V\u00e1zquez,<br>A., Pinto-Llona, A.C., Constantin, S., de Torres, T.J., Ortiz, J.E., Frischauf, C., Rabeder, G.,<br>Hofreiter, M., Barlow, A. 2016. Ancient DNA reveals differences in behaviour and sociality<br>between brown bears and extinct cave bears. Molecular Ecology, 25, 4907-4918, https:\/\/<br>doi.org\/10.1111\/mec.13800<br><\/li>\n<\/ol>\n\n\n\n<p><strong><a href=\"https:\/\/scholar.google.ro\/citations?hl=ro&amp;user=gj7rJBoAAAAJ&amp;view_op=list_works&amp;sortby=pubdate\"><mark style=\"background-color:rgba(0, 0, 0, 0)\" class=\"has-inline-color has-vivid-cyan-blue-color\">Full Publication List<\/mark><\/a><\/strong><\/p>\n\n\n\n<p><br><strong>Teaching:<br><\/strong>2020: Invited lecturer: Palaeoecology, BL7052: M.S. course in Palaeoecology, Genetics, and<br>Human Prehistory (15 ECTS) at Stockholm University, Sweden. Course leaders: Professors<br>Love Dal\u00e9n and Anders G\u00f6therstr\u00f6m.<\/p>\n","protected":false},"excerpt":{"rendered":"<p>Ioana-Nicoleta Meleg, PhDSenior Researcher Clinicilor 5-7, 400006 Cluj-Napoca, RomaniaEvolutionary biology, Paleoecology, Ancient DNA+40 741 044 561ioana.meleg@ubbcluj.ro Education:Postdoctoral: Swedish Museum of [&hellip;]<\/p>\n","protected":false},"author":1,"featured_media":0,"parent":0,"menu_order":0,"comment_status":"closed","ping_status":"closed","template":"","meta":{"site-sidebar-layout":"default","site-content-layout":"","ast-site-content-layout":"default","site-content-style":"default","site-sidebar-style":"default","ast-global-header-display":"","ast-banner-title-visibility":"","ast-main-header-display":"","ast-hfb-above-header-display":"","ast-hfb-below-header-display":"","ast-hfb-mobile-header-display":"","site-post-title":"","ast-breadcrumbs-content":"","ast-featured-img":"","footer-sml-layout":"","ast-disable-related-posts":"","theme-transparent-header-meta":"","adv-header-id-meta":"","stick-header-meta":"","header-above-stick-meta":"","header-main-stick-meta":"","header-below-stick-meta":"","astra-migrate-meta-layouts":"default","ast-page-background-enabled":"default","ast-page-background-meta":{"desktop":{"background-color":"var(--ast-global-color-5)","background-image":"","background-repeat":"repeat","background-position":"center center","background-size":"auto","background-attachment":"scroll","background-type":"","background-media":"","overlay-type":"","overlay-color":"","overlay-opacity":"","overlay-gradient":""},"tablet":{"background-color":"","background-image":"","background-repeat":"repeat","background-position":"center center","background-size":"auto","background-attachment":"scroll","background-type":"","background-media":"","overlay-type":"","overlay-color":"","overlay-opacity":"","overlay-gradient":""},"mobile":{"background-color":"","background-image":"","background-repeat":"repeat","background-position":"center center","background-size":"auto","background-attachment":"scroll","background-type":"","background-media":"","overlay-type":"","overlay-color":"","overlay-opacity":"","overlay-gradient":""}},"ast-content-background-meta":{"desktop":{"background-color":"var(--ast-global-color-4)","background-image":"","background-repeat":"repeat","background-position":"center center","background-size":"auto","background-attachment":"scroll","background-type":"","background-media":"","overlay-type":"","overlay-color":"","overlay-opacity":"","overlay-gradient":""},"tablet":{"background-color":"var(--ast-global-color-4)","background-image":"","background-repeat":"repeat","background-position":"center center","background-size":"auto","background-attachment":"scroll","background-type":"","background-media":"","overlay-type":"","overlay-color":"","overlay-opacity":"","overlay-gradient":""},"mobile":{"background-color":"var(--ast-global-color-4)","background-image":"","background-repeat":"repeat","background-position":"center center","background-size":"auto","background-attachment":"scroll","background-type":"","background-media":"","overlay-type":"","overlay-color":"","overlay-opacity":"","overlay-gradient":""}},"footnotes":""},"class_list":["post-128","page","type-page","status-publish","hentry"],"_links":{"self":[{"href":"https:\/\/institutulracovita.ro\/index.php?rest_route=\/wp\/v2\/pages\/128","targetHints":{"allow":["GET"]}}],"collection":[{"href":"https:\/\/institutulracovita.ro\/index.php?rest_route=\/wp\/v2\/pages"}],"about":[{"href":"https:\/\/institutulracovita.ro\/index.php?rest_route=\/wp\/v2\/types\/page"}],"author":[{"embeddable":true,"href":"https:\/\/institutulracovita.ro\/index.php?rest_route=\/wp\/v2\/users\/1"}],"replies":[{"embeddable":true,"href":"https:\/\/institutulracovita.ro\/index.php?rest_route=%2Fwp%2Fv2%2Fcomments&post=128"}],"version-history":[{"count":1,"href":"https:\/\/institutulracovita.ro\/index.php?rest_route=\/wp\/v2\/pages\/128\/revisions"}],"predecessor-version":[{"id":129,"href":"https:\/\/institutulracovita.ro\/index.php?rest_route=\/wp\/v2\/pages\/128\/revisions\/129"}],"wp:attachment":[{"href":"https:\/\/institutulracovita.ro\/index.php?rest_route=%2Fwp%2Fv2%2Fmedia&parent=128"}],"curies":[{"name":"wp","href":"https:\/\/api.w.org\/{rel}","templated":true}]}}