{"id":134,"date":"2026-02-18T09:55:58","date_gmt":"2026-02-18T09:55:58","guid":{"rendered":"https:\/\/biogeo.ubbcluj.ro\/institut_test\/?page_id=134"},"modified":"2026-02-18T09:55:58","modified_gmt":"2026-02-18T09:55:58","slug":"dr-marieta-muresan-pop","status":"publish","type":"page","link":"https:\/\/institutulracovita.ro\/?page_id=134","title":{"rendered":"Dr. Marieta Muresan-Pop"},"content":{"rendered":"\n<div class=\"wp-block-columns is-layout-flex wp-container-core-columns-is-layout-28f84493 wp-block-columns-is-layout-flex\">\n<div class=\"wp-block-column is-layout-flow wp-block-column-is-layout-flow\" style=\"flex-basis:25%\">\n<figure class=\"wp-block-image size-full\"><img decoding=\"async\" src=\"https:\/\/institutulracovita.ro\/wp-content\/uploads\/2023\/06\/marieta.jpg\" alt=\"\" class=\"wp-image-2123\"\/><\/figure>\n<\/div>\n\n\n\n<div class=\"wp-block-column is-layout-flow wp-block-column-is-layout-flow\" style=\"flex-basis:75%\">\n<p><strong>Marieta Muresan-Pop<\/strong><strong>, PhD<\/strong><\/p>\n<p><strong>Researcher, CSIII<\/strong><\/p>\n<p>Treoniu Laurian 42, room 212 and 217, 400271 Cluj-Napoca<\/p>\n<p>X-ray diffraction and Thermal analyses on nanostructured materials with multifunctional properties and applications &nbsp;<\/p>\n<p>Tel: +40 264 454 554. int 122<\/p>\n<p>Email: <span style=\"color: #0000ff;\">marieta.nuresan@ubbcluj.ro<\/span> ; <span style=\"color: #0000ff;\"><a style=\"color: #0000ff;\" href=\"mailto:mmuresanpop@gmail.com\">mmuresanpop@gmail.com<\/a><\/span><\/p>\n<\/div>\n<\/div>\n\n\n<p><strong style=\"font-size: revert; color: initial;\">Education<\/strong><\/p>\n<p>BSc.: Degree in Physics, Faculty of Physics, Babe\u0219-Bolyai University, Cluj-Napoca, Romania, 1996<\/p>\n<p>MSc.: Master Degree in Advanced Materials Science and Technology, Faculty of Physics, Babe\u0219-Bolyai University, 2009<\/p>\n<p>PhD: Faculty of Physics, Babe\u0219-Bolyai University, 2012<\/p>\n<p><strong>Research<\/strong><\/p>\n<p>Dr. Marieta Muresan-Pop has over 10 years of experience in synthesis through various techniques of new nanostructured materials and solid forms from pharmaceutical compounds. It carries out its activity through the structural characterization of various materials through X-ray diffraction and thermal analyses. She is the representative of Romania in the Management Committee of the COST action CA18112 with the Title: \u2033Mechanochemistry for Sustainable Industry\u2033 (Mech@SustInd) and coordinator of the national network of researchers. (2019-2023, Coord. Prof. Dr. Evelina COLACINO, University of Montpellier, France)<\/p>\n<p><strong>Selected Publications<\/strong><\/p>\n<p><strong>Mure\u015fan-Pop M<\/strong>, Chiriac LB, Martin F., Simon S. Novel nutraceutical Myricetin composite of enhanced dissolution obtained by co-crystallization with acetamide. Composites Part B: Engineering 2016; 89.<\/p>\n<p>G\u00e1l A, Ionescu C, Bajusz M, Codrea VA, Hoeck V, Barbu-Tudoran L, Simon V, <strong>Mure\u0219an-Pop M<\/strong>, Cs\u00f3k Z. Composition, technology and provenance of Roman pottery from Napoca (Cluj-Napoca, Romania) \u00c1gnes G\u00e1l et al. Roman pottery from Napoca, Clay Minerals 2018; 53(1).<\/p>\n<p><strong>Muresan-Pop M<\/strong>, Chereches G, Borodi G, Fischer-Fodor E, Simon S. Structural characterization of 5-fluorouracil &amp; piperazine new solid forms and evaluation of their antitumor activity. J Mol Struct. 2020; 1207.<\/p>\n<p>Lucacel Ciceo R, Todea M, Toloman D, <strong>Muresan-Pop M<\/strong>, Simon V. Structure-composition correlation in niobium containing borophosphate glasses. J.\u00a0Non-Cryst.\u00a0Solids 2020; 542.<\/p>\n<p>Todea M,\u00a0<strong>Muresan-Pop M<\/strong>,\u00a0Simon V,\u00a0Vulpoi A,\u00a0Simon S. Synthesis and characterization of composite SiO2-Al2O3-Fe2O3 core-shell microspheres. Journal of Sol-Gel Science and Technology2020;\u00a096.<\/p>\n<p><strong>Muresan-Pop M<\/strong>, Vulpoi A, Simon V, Todea M, Magyari K, Pap Z, Simion A, Filip C, Simon S. Co-Crystals of Etravirine by Mechanochemical Activation. J. Pharm. Sci. 2022; 111(4).<\/p>\n<p>Simon S, <strong>Muresan-Pop M<\/strong>, Simon V, Eniu D. Structural changes induced by long term storage of sodium phosphate glasses embedding uranium and thorium. Optical Materials 2022; 124.<\/p>\n<p><strong><span style=\"color: #0000ff;\"><a style=\"color: #0000ff;\" href=\"https:\/\/scholar.google.ro\/citations?user=Bh1GYnsAAAAJ&amp;hl=en\">Full publication list<\/a><\/span><\/strong><\/p>","protected":false},"excerpt":{"rendered":"<p>Marieta Muresan-Pop, PhD Researcher, CSIII Treoniu Laurian 42, room 212 and 217, 400271 Cluj-Napoca X-ray diffraction and Thermal analyses on [&hellip;]<\/p>\n","protected":false},"author":1,"featured_media":0,"parent":0,"menu_order":0,"comment_status":"closed","ping_status":"closed","template":"","meta":{"site-sidebar-layout":"default","site-content-layout":"","ast-site-content-layout":"default","site-content-style":"default","site-sidebar-style":"default","ast-global-header-display":"","ast-banner-title-visibility":"","ast-main-header-display":"","ast-hfb-above-header-display":"","ast-hfb-below-header-display":"","ast-hfb-mobile-header-display":"","site-post-title":"","ast-breadcrumbs-content":"","ast-featured-img":"","footer-sml-layout":"","ast-disable-related-posts":"","theme-transparent-header-meta":"","adv-header-id-meta":"","stick-header-meta":"","header-above-stick-meta":"","header-main-stick-meta":"","header-below-stick-meta":"","astra-migrate-meta-layouts":"default","ast-page-background-enabled":"default","ast-page-background-meta":{"desktop":{"background-color":"var(--ast-global-color-5)","background-image":"","background-repeat":"repeat","background-position":"center center","background-size":"auto","background-attachment":"scroll","background-type":"","background-media":"","overlay-type":"","overlay-color":"","overlay-opacity":"","overlay-gradient":""},"tablet":{"background-color":"","background-image":"","background-repeat":"repeat","background-position":"center center","background-size":"auto","background-attachment":"scroll","background-type":"","background-media":"","overlay-type":"","overlay-color":"","overlay-opacity":"","overlay-gradient":""},"mobile":{"background-color":"","background-image":"","background-repeat":"repeat","background-position":"center center","background-size":"auto","background-attachment":"scroll","background-type":"","background-media":"","overlay-type":"","overlay-color":"","overlay-opacity":"","overlay-gradient":""}},"ast-content-background-meta":{"desktop":{"background-color":"var(--ast-global-color-4)","background-image":"","background-repeat":"repeat","background-position":"center center","background-size":"auto","background-attachment":"scroll","background-type":"","background-media":"","overlay-type":"","overlay-color":"","overlay-opacity":"","overlay-gradient":""},"tablet":{"background-color":"var(--ast-global-color-4)","background-image":"","background-repeat":"repeat","background-position":"center center","background-size":"auto","background-attachment":"scroll","background-type":"","background-media":"","overlay-type":"","overlay-color":"","overlay-opacity":"","overlay-gradient":""},"mobile":{"background-color":"var(--ast-global-color-4)","background-image":"","background-repeat":"repeat","background-position":"center center","background-size":"auto","background-attachment":"scroll","background-type":"","background-media":"","overlay-type":"","overlay-color":"","overlay-opacity":"","overlay-gradient":""}},"footnotes":""},"class_list":["post-134","page","type-page","status-publish","hentry"],"_links":{"self":[{"href":"https:\/\/institutulracovita.ro\/index.php?rest_route=\/wp\/v2\/pages\/134","targetHints":{"allow":["GET"]}}],"collection":[{"href":"https:\/\/institutulracovita.ro\/index.php?rest_route=\/wp\/v2\/pages"}],"about":[{"href":"https:\/\/institutulracovita.ro\/index.php?rest_route=\/wp\/v2\/types\/page"}],"author":[{"embeddable":true,"href":"https:\/\/institutulracovita.ro\/index.php?rest_route=\/wp\/v2\/users\/1"}],"replies":[{"embeddable":true,"href":"https:\/\/institutulracovita.ro\/index.php?rest_route=%2Fwp%2Fv2%2Fcomments&post=134"}],"version-history":[{"count":1,"href":"https:\/\/institutulracovita.ro\/index.php?rest_route=\/wp\/v2\/pages\/134\/revisions"}],"predecessor-version":[{"id":135,"href":"https:\/\/institutulracovita.ro\/index.php?rest_route=\/wp\/v2\/pages\/134\/revisions\/135"}],"wp:attachment":[{"href":"https:\/\/institutulracovita.ro\/index.php?rest_route=%2Fwp%2Fv2%2Fmedia&parent=134"}],"curies":[{"name":"wp","href":"https:\/\/api.w.org\/{rel}","templated":true}]}}