{"id":138,"date":"2026-02-18T09:56:42","date_gmt":"2026-02-18T09:56:42","guid":{"rendered":"https:\/\/biogeo.ubbcluj.ro\/institut_test\/?page_id=138"},"modified":"2026-02-18T09:56:42","modified_gmt":"2026-02-18T09:56:42","slug":"dr-nita-dan-constantin","status":"publish","type":"page","link":"https:\/\/institutulracovita.ro\/?page_id=138","title":{"rendered":"Dr. Nita Dan Constantin"},"content":{"rendered":"\n<div class=\"wp-block-columns is-layout-flex wp-container-core-columns-is-layout-28f84493 wp-block-columns-is-layout-flex\">\n<div class=\"wp-block-column is-layout-flow wp-block-column-is-layout-flow\" style=\"flex-basis:25%\">\n<figure class=\"wp-block-image size-full\"><img decoding=\"async\" src=\"https:\/\/institutulracovita.ro\/wp-content\/uploads\/2023\/06\/constantin.jpg\" alt=\"\" class=\"wp-image-2112\"\/><\/figure>\n<\/div>\n\n\n\n<div class=\"wp-block-column is-layout-flow wp-block-column-is-layout-flow\" style=\"flex-basis:75%\">\n<p><strong>Nita Dan Constantin, PhD<\/strong><\/p>\n<p><strong>Researcher,CS III<\/strong><\/p>\n<p>Isotope Geochemistry and Geochronology Laboratory, 30 Fantanele\u00a0 Str., 400327, Cluj-Napoca, Romania<\/p>\n<p>geochronology, isotope geochemistry, radioactivity<\/p>\n<p>Email: <span style=\"color: #0000ff;\"><a style=\"color: #0000ff;\" href=\"mailto:dan.nita@ubbcluj.ro\">dan.nita@ubbcluj.ro<\/a><\/span><\/p>\n<\/div>\n<\/div>\n\n\n<p><strong>Education:<\/strong><\/p>\n<p>BSc.: Babe\u0219-Bolyai University, Physics , 2008<\/p>\n<p>MSc.: Babe\u0219-Bolyai University, Environmental Radioactivity, 2009<\/p>\n<p>PhD: Babe\u0219-Bolyai University, Environmental Sciences, 2012<\/p>\n<p><strong>Research:<\/strong><\/p>\n<p>My main research is based on high precision isotopic analysis and uranium series dating with implications in development of new measurement techniques, geochronology, paleoclimatology, mammal evolution, nuclear forensics, etc.; environmental radioactivity being my secondary area of research.<\/p>\n<\/p>\n<p><strong>Selected Publications<\/strong><\/p>\n<ol>\n<li>Lisa M. Baldini, James U. L. Baldini, Frank McDermott, Pablo Arias, Mari\u00e1n Cueto, Ian J. Fairchild, Dirk L. Hoffmann, Da-vid P. Mattey, Wolfgang M\u00fcller, Dan Constantin Nita, Roberto Onta\u00f1\u00f3n, Cristina Garci\u00e1-Monc\u00f3, David A. Richards, 2019, North Iberian temperature and rainfall seasonality over the Younger Dryas and Holocene, Quaternary Science Reviews, Quaternary Science Reviews, 2019, 226, 105998<\/li>\n<li>Philip J. Hopley, Graham P. Weedon, Chris M. Brierley, Christopher Thrasivoulou, Andy I.R. Herries, Ada Dinckal, David A. Richards, Dan C. Nita, Randall R. Parrish, Nick M. W. Roberts, Diana Sahy, Claire L. Smith, 2018, Orbital precession modulates interannual rainfall variability,as recorded in an Early Pleistocene speleothem, Geology, v. 46; no. 8; p. 731\u2013734, doi:10.1130\/G45019.1<\/li>\n<li>W.B. Rae, A. Burke, L.F. Robinson, J.F. Adkins, T. Chen, C. Cole, R. Greenop, T. Li, E. Littley, D.C. Nita, J.A. Stewart, B. Taylor, 2018, .CO2 storage and release in the deep Southern Ocean, Nature, 562 (7728), p. 569\u2013573, doi: 10.1038\/s41586-018-0614-0<\/li>\n<li>C. Keatley, J, A.Dunne, T. L. Martin, D. C. Nita, M. B. Andersen, T. B. Scott, D. A. Richards, R. P. Awbery, 2021, Uranium isotope variation within vein-type uranium ore deposits, Applied Geochemistry, 131, 104977<\/li>\n<li>Cosma C. Iurian A.R., Ni\u0163\u0103 D. C., Begy R., C\u00eendea C., 2012, Indicators of the Fukushima radioactive release in NW Romania, Journal of Environmental Radioactivity, Volume 114, Pages 94-99, ISSN 0265-931X<\/li>\n<\/ol>\n<p><strong>\u00a0<\/strong><strong>Full publication list<\/strong><\/p>","protected":false},"excerpt":{"rendered":"<p>Nita Dan Constantin, PhD Researcher,CS III Isotope Geochemistry and Geochronology Laboratory, 30 Fantanele\u00a0 Str., 400327, Cluj-Napoca, Romania geochronology, isotope geochemistry, [&hellip;]<\/p>\n","protected":false},"author":1,"featured_media":0,"parent":0,"menu_order":0,"comment_status":"closed","ping_status":"closed","template":"","meta":{"site-sidebar-layout":"default","site-content-layout":"","ast-site-content-layout":"default","site-content-style":"default","site-sidebar-style":"default","ast-global-header-display":"","ast-banner-title-visibility":"","ast-main-header-display":"","ast-hfb-above-header-display":"","ast-hfb-below-header-display":"","ast-hfb-mobile-header-display":"","site-post-title":"","ast-breadcrumbs-content":"","ast-featured-img":"","footer-sml-layout":"","ast-disable-related-posts":"","theme-transparent-header-meta":"","adv-header-id-meta":"","stick-header-meta":"","header-above-stick-meta":"","header-main-stick-meta":"","header-below-stick-meta":"","astra-migrate-meta-layouts":"default","ast-page-background-enabled":"default","ast-page-background-meta":{"desktop":{"background-color":"var(--ast-global-color-5)","background-image":"","background-repeat":"repeat","background-position":"center center","background-size":"auto","background-attachment":"scroll","background-type":"","background-media":"","overlay-type":"","overlay-color":"","overlay-opacity":"","overlay-gradient":""},"tablet":{"background-color":"","background-image":"","background-repeat":"repeat","background-position":"center center","background-size":"auto","background-attachment":"scroll","background-type":"","background-media":"","overlay-type":"","overlay-color":"","overlay-opacity":"","overlay-gradient":""},"mobile":{"background-color":"","background-image":"","background-repeat":"repeat","background-position":"center center","background-size":"auto","background-attachment":"scroll","background-type":"","background-media":"","overlay-type":"","overlay-color":"","overlay-opacity":"","overlay-gradient":""}},"ast-content-background-meta":{"desktop":{"background-color":"var(--ast-global-color-4)","background-image":"","background-repeat":"repeat","background-position":"center center","background-size":"auto","background-attachment":"scroll","background-type":"","background-media":"","overlay-type":"","overlay-color":"","overlay-opacity":"","overlay-gradient":""},"tablet":{"background-color":"var(--ast-global-color-4)","background-image":"","background-repeat":"repeat","background-position":"center center","background-size":"auto","background-attachment":"scroll","background-type":"","background-media":"","overlay-type":"","overlay-color":"","overlay-opacity":"","overlay-gradient":""},"mobile":{"background-color":"var(--ast-global-color-4)","background-image":"","background-repeat":"repeat","background-position":"center center","background-size":"auto","background-attachment":"scroll","background-type":"","background-media":"","overlay-type":"","overlay-color":"","overlay-opacity":"","overlay-gradient":""}},"footnotes":""},"class_list":["post-138","page","type-page","status-publish","hentry"],"_links":{"self":[{"href":"https:\/\/institutulracovita.ro\/index.php?rest_route=\/wp\/v2\/pages\/138","targetHints":{"allow":["GET"]}}],"collection":[{"href":"https:\/\/institutulracovita.ro\/index.php?rest_route=\/wp\/v2\/pages"}],"about":[{"href":"https:\/\/institutulracovita.ro\/index.php?rest_route=\/wp\/v2\/types\/page"}],"author":[{"embeddable":true,"href":"https:\/\/institutulracovita.ro\/index.php?rest_route=\/wp\/v2\/users\/1"}],"replies":[{"embeddable":true,"href":"https:\/\/institutulracovita.ro\/index.php?rest_route=%2Fwp%2Fv2%2Fcomments&post=138"}],"version-history":[{"count":1,"href":"https:\/\/institutulracovita.ro\/index.php?rest_route=\/wp\/v2\/pages\/138\/revisions"}],"predecessor-version":[{"id":139,"href":"https:\/\/institutulracovita.ro\/index.php?rest_route=\/wp\/v2\/pages\/138\/revisions\/139"}],"wp:attachment":[{"href":"https:\/\/institutulracovita.ro\/index.php?rest_route=%2Fwp%2Fv2%2Fmedia&parent=138"}],"curies":[{"name":"wp","href":"https:\/\/api.w.org\/{rel}","templated":true}]}}